{"id":9,"date":"2016-10-02T18:59:53","date_gmt":"2016-10-02T16:59:53","guid":{"rendered":"http:\/\/www.kb-ohnemus.de\/?page_id=9"},"modified":"2024-01-07T12:36:36","modified_gmt":"2024-01-07T10:36:36","slug":"leistungen-und-produkte","status":"publish","type":"page","link":"https:\/\/www.kb-ohnemus.de\/","title":{"rendered":"Willkommen bei KB Ohnemus"},"content":{"rendered":"<p style=\"text-align: left;\"><strong>Als Ingenieurb\u00fcro im T\u00e4tigkeitsbereich Maschinenbau bieten wir:<\/strong><\/p>\n<h1><a href=\"https:\/\/www.kb-ohnemus.de\/wp-content\/uploads\/2018\/11\/18018-00-00.png\"><img loading=\"lazy\" decoding=\"async\" class=\"alignright size-medium wp-image-722\" src=\"https:\/\/www.kb-ohnemus.de\/wp-content\/uploads\/2018\/11\/18018-00-00-300x225.png\" alt=\"\" width=\"300\" height=\"225\" srcset=\"https:\/\/www.kb-ohnemus.de\/wp-content\/uploads\/2018\/11\/18018-00-00-300x225.png 300w, https:\/\/www.kb-ohnemus.de\/wp-content\/uploads\/2018\/11\/18018-00-00-768x576.png 768w, https:\/\/www.kb-ohnemus.de\/wp-content\/uploads\/2018\/11\/18018-00-00-1024x767.png 1024w, https:\/\/www.kb-ohnemus.de\/wp-content\/uploads\/2018\/11\/18018-00-00.png 1197w\" sizes=\"auto, (max-width: 300px) 85vw, 300px\" \/><\/a><a href=\"https:\/\/www.kb-ohnemus.de\/leistungen-und-produkte\/konstruktion\/\">Konstruktionsdienstleistung<\/a><\/h1>\n<p>insbesondere Betriebsmittelkonstruktion f\u00fcr Anwendungen im Bereich der Fertigungs-, Montage- und Pr\u00fcftechnik<\/p>\n<ul>\n<li>Wir <a href=\"https:\/\/www.kb-ohnemus.de\/leistungen-und-produkte\/konstruktion\/\">konstruieren Betriebsmittel<\/a> und Sondermaschinen f\u00fcr Anwendungen im Bereich der Fertigungs-, Montage- und Pr\u00fcftechnik nach Kundenwunsch<\/li>\n<li>Wir \u00fcbernehmen <a href=\"https:\/\/www.kb-ohnemus.de\/leistungen-und-produkte\/konstruktion\/\">allgemeine Konstruktionsarbeiten<\/a>, beispielsweise aufgrund von Engp\u00e4ssen Ihrer internen Konstruktionsabteilung<\/li>\n<\/ul>\n<h1><a href=\"https:\/\/www.kb-ohnemus.de\/wp-content\/uploads\/2018\/11\/16004_2.jpg\"><img loading=\"lazy\" decoding=\"async\" class=\"alignright size-medium wp-image-712\" src=\"https:\/\/www.kb-ohnemus.de\/wp-content\/uploads\/2018\/11\/16004_2-300x200.jpg\" alt=\"\" width=\"300\" height=\"200\" srcset=\"https:\/\/www.kb-ohnemus.de\/wp-content\/uploads\/2018\/11\/16004_2-300x200.jpg 300w, https:\/\/www.kb-ohnemus.de\/wp-content\/uploads\/2018\/11\/16004_2-768x512.jpg 768w, https:\/\/www.kb-ohnemus.de\/wp-content\/uploads\/2018\/11\/16004_2-1024x682.jpg 1024w, https:\/\/www.kb-ohnemus.de\/wp-content\/uploads\/2018\/11\/16004_2-1200x800.jpg 1200w, https:\/\/www.kb-ohnemus.de\/wp-content\/uploads\/2018\/11\/16004_2.jpg 1600w\" sizes=\"auto, (max-width: 300px) 85vw, 300px\" \/><\/a><a href=\"https:\/\/www.kb-ohnemus.de\/leistungen-und-produkte\/sondermaschinen\/\">Betriebsmittel- und Sondermaschinenbau<\/a><\/h1>\n<ul>\n<li>Zusammen mit zuverl\u00e4ssigen Partnerfirmen, die die einzelnen Bestandteile unserer Konstruktionen herstellen, fertigen wir <a href=\"https:\/\/www.kb-ohnemus.de\/leistungen-und-produkte\/sondermaschinen\/\">Betriebsmittel und Sondermaschinen<\/a> nach Kundenwunsch<\/li>\n<li>Wir liefern fertig aufgebaute und betriebsbereite Komplettl\u00f6sungen incl. Inbetriebnahme, Mitarbeiterschulung und Dokumentation<\/li>\n<\/ul>\n<h1><a href=\"https:\/\/www.kb-ohnemus.de\/wp-content\/uploads\/2018\/11\/18031_1.png\"><img loading=\"lazy\" decoding=\"async\" class=\"alignright size-medium wp-image-718\" src=\"https:\/\/www.kb-ohnemus.de\/wp-content\/uploads\/2018\/11\/18031_1-300x207.png\" alt=\"\" width=\"300\" height=\"207\" srcset=\"https:\/\/www.kb-ohnemus.de\/wp-content\/uploads\/2018\/11\/18031_1-300x207.png 300w, https:\/\/www.kb-ohnemus.de\/wp-content\/uploads\/2018\/11\/18031_1-768x530.png 768w, https:\/\/www.kb-ohnemus.de\/wp-content\/uploads\/2018\/11\/18031_1-1024x707.png 1024w, https:\/\/www.kb-ohnemus.de\/wp-content\/uploads\/2018\/11\/18031_1.png 1155w\" sizes=\"auto, (max-width: 300px) 85vw, 300px\" \/><\/a><a href=\"https:\/\/www.kb-ohnemus.de\/leistungen-und-produkte\/berechnungen\/\">Analysen und Berechnungen<\/a><\/h1>\n<ul>\n<li>Wir <a href=\"https:\/\/www.kb-ohnemus.de\/leistungen-und-produkte\/berechnungen\/\">analysieren und berechnen<\/a> sich im Maschinenbau stellende Problemf\u00e4lle und erarbeiten eine L\u00f6sung<\/li>\n<\/ul>\n<h1><a href=\"https:\/\/www.kb-ohnemus.de\/wp-content\/uploads\/2018\/11\/PPS-11.jpg\"><img loading=\"lazy\" decoding=\"async\" class=\"alignright size-medium wp-image-649\" src=\"https:\/\/www.kb-ohnemus.de\/wp-content\/uploads\/2018\/11\/PPS-11-225x300.jpg\" alt=\"\" width=\"225\" height=\"300\" srcset=\"https:\/\/www.kb-ohnemus.de\/wp-content\/uploads\/2018\/11\/PPS-11-225x300.jpg 225w, https:\/\/www.kb-ohnemus.de\/wp-content\/uploads\/2018\/11\/PPS-11-768x1024.jpg 768w, https:\/\/www.kb-ohnemus.de\/wp-content\/uploads\/2018\/11\/PPS-11.jpg 1200w\" sizes=\"auto, (max-width: 225px) 85vw, 225px\" \/><\/a><a href=\"https:\/\/www.kb-ohnemus.de\/leistungen-und-produkte\/einbaufertige-pneumatiksteuerungen\/\">Einbaufertige Pneumatiksteuerung PPS<\/a><\/h1>\n<ul>\n<li>Einbaufertige Pneumatiksteuerung mit CE-Kennzeichnung in verschiedenen Varianten<\/li>\n<\/ul>\n<h1><a href=\"https:\/\/www.kb-ohnemus.de\/wp-content\/uploads\/2018\/11\/MRS-42-10.png\"><img loading=\"lazy\" decoding=\"async\" class=\"alignright size-medium wp-image-601\" src=\"https:\/\/www.kb-ohnemus.de\/wp-content\/uploads\/2018\/11\/MRS-42-10-225x300.png\" alt=\"\" width=\"225\" height=\"300\" srcset=\"https:\/\/www.kb-ohnemus.de\/wp-content\/uploads\/2018\/11\/MRS-42-10-225x300.png 225w, https:\/\/www.kb-ohnemus.de\/wp-content\/uploads\/2018\/11\/MRS-42-10.png 673w\" sizes=\"auto, (max-width: 225px) 85vw, 225px\" \/><\/a><a href=\"https:\/\/www.kb-ohnemus.de\/leistungen-und-produkte\/sicherungsringspender\/\">Mechanischer Ringspender MRS<\/a><\/h1>\n<ul>\n<li>f\u00fcr DIN 471 und DIN 472 (Wellen und Bohrungen) zur h\u00e4ndischen Entnahme mit einer Sicherungsringzange<\/li>\n<\/ul>\n<h1><a href=\"https:\/\/www.kb-ohnemus.de\/wp-content\/uploads\/2018\/11\/PRS-25-00.png\"><img loading=\"lazy\" decoding=\"async\" class=\"alignright size-medium wp-image-628\" src=\"https:\/\/www.kb-ohnemus.de\/wp-content\/uploads\/2018\/11\/PRS-25-00-225x300.png\" alt=\"\" width=\"225\" height=\"300\" srcset=\"https:\/\/www.kb-ohnemus.de\/wp-content\/uploads\/2018\/11\/PRS-25-00-225x300.png 225w, https:\/\/www.kb-ohnemus.de\/wp-content\/uploads\/2018\/11\/PRS-25-00.png 673w\" sizes=\"auto, (max-width: 225px) 85vw, 225px\" \/><\/a><a href=\"https:\/\/www.kb-ohnemus.de\/leistungen-und-produkte\/pneumatischer-ringspender\/\">Pneumatischer Ringspender PRS<\/a><\/h1>\n<ul>\n<li>f\u00fcr DIN 471 und DIN 472 (Wellen und Bohrungen) sowie f\u00fcr Kugellager und Passcheiben zur h\u00e4ndischen Entnahme oder automatisierten Entnahme durch ein Handling oder einen Roboter<\/li>\n<\/ul>\n","protected":false},"excerpt":{"rendered":"<p>Als Ingenieurb\u00fcro im T\u00e4tigkeitsbereich Maschinenbau bieten wir: Konstruktionsdienstleistung insbesondere Betriebsmittelkonstruktion f\u00fcr Anwendungen im Bereich der Fertigungs-, Montage- und Pr\u00fcftechnik Wir konstruieren Betriebsmittel und Sondermaschinen f\u00fcr Anwendungen im Bereich der Fertigungs-, Montage- und Pr\u00fcftechnik nach Kundenwunsch Wir \u00fcbernehmen allgemeine Konstruktionsarbeiten, beispielsweise aufgrund von Engp\u00e4ssen Ihrer internen Konstruktionsabteilung Betriebsmittel- und Sondermaschinenbau Zusammen mit zuverl\u00e4ssigen Partnerfirmen, die die &hellip; <a href=\"https:\/\/www.kb-ohnemus.de\/\" class=\"more-link\"><span class=\"screen-reader-text\">\u201eWillkommen bei KB Ohnemus\u201c <\/span>weiterlesen<\/a><\/p>\n","protected":false},"author":1,"featured_media":0,"parent":0,"menu_order":0,"comment_status":"closed","ping_status":"closed","template":"","meta":{"footnotes":""},"class_list":["post-9","page","type-page","status-publish","hentry"],"_links":{"self":[{"href":"https:\/\/www.kb-ohnemus.de\/index.php?rest_route=\/wp\/v2\/pages\/9","targetHints":{"allow":["GET"]}}],"collection":[{"href":"https:\/\/www.kb-ohnemus.de\/index.php?rest_route=\/wp\/v2\/pages"}],"about":[{"href":"https:\/\/www.kb-ohnemus.de\/index.php?rest_route=\/wp\/v2\/types\/page"}],"author":[{"embeddable":true,"href":"https:\/\/www.kb-ohnemus.de\/index.php?rest_route=\/wp\/v2\/users\/1"}],"replies":[{"embeddable":true,"href":"https:\/\/www.kb-ohnemus.de\/index.php?rest_route=%2Fwp%2Fv2%2Fcomments&post=9"}],"version-history":[{"count":41,"href":"https:\/\/www.kb-ohnemus.de\/index.php?rest_route=\/wp\/v2\/pages\/9\/revisions"}],"predecessor-version":[{"id":922,"href":"https:\/\/www.kb-ohnemus.de\/index.php?rest_route=\/wp\/v2\/pages\/9\/revisions\/922"}],"wp:attachment":[{"href":"https:\/\/www.kb-ohnemus.de\/index.php?rest_route=%2Fwp%2Fv2%2Fmedia&parent=9"}],"curies":[{"name":"wp","href":"https:\/\/api.w.org\/{rel}","templated":true}]}}