{"id":512,"date":"2017-09-06T15:45:06","date_gmt":"2017-09-06T13:45:06","guid":{"rendered":"http:\/\/www.kb-ohnemus.de\/?page_id=512"},"modified":"2022-06-09T19:49:50","modified_gmt":"2022-06-09T17:49:50","slug":"einbaufertige-pneumatiksteuerungen","status":"publish","type":"page","link":"https:\/\/www.kb-ohnemus.de\/?page_id=512","title":{"rendered":"Einbaufertige Pneumatiksteuerung PPS"},"content":{"rendered":"<h1>Einbaufertige Druckluftsteuerung mit CE-Kennzeichnung in verschiedenen Varianten<\/h1>\n<figure id=\"attachment_649\" aria-describedby=\"caption-attachment-649\" style=\"width: 225px\" class=\"wp-caption alignright\"><a href=\"https:\/\/www.kb-ohnemus.de\/wp-content\/uploads\/2018\/11\/PPS-11.jpg\"><img loading=\"lazy\" decoding=\"async\" class=\"wp-image-649 size-medium\" src=\"https:\/\/www.kb-ohnemus.de\/wp-content\/uploads\/2018\/11\/PPS-11-225x300.jpg\" alt=\"\" width=\"225\" height=\"300\" srcset=\"https:\/\/www.kb-ohnemus.de\/wp-content\/uploads\/2018\/11\/PPS-11-225x300.jpg 225w, https:\/\/www.kb-ohnemus.de\/wp-content\/uploads\/2018\/11\/PPS-11-768x1024.jpg 768w, https:\/\/www.kb-ohnemus.de\/wp-content\/uploads\/2018\/11\/PPS-11.jpg 1200w\" sizes=\"auto, (max-width: 225px) 85vw, 225px\" \/><\/a><figcaption id=\"caption-attachment-649\" class=\"wp-caption-text\">Pneumatiksteuerung Variante 1.1<\/figcaption><\/figure>\n<ul>\n<li>Not-Aus-Ventil mit Anschluss f\u00fcr Not-Aus-Taster und \/ oder T\u00fcrschaltventil. Ein Bet\u00e4tigen des Not-Aus-Tasters oder \u00d6ffnen einer durch ein T\u00fcrschaltventil gesicherten T\u00fcr schaltet die Anlage drucklos<\/li>\n<li>Einstellbares Anfahrventil zur langsamen Bel\u00fcftung der Anlage nach Einschalten oder Not-Aus<\/li>\n<li>Redundantes Ventil f\u00fcr die Arbeitsstellung zur zus\u00e4tzlichen Absicherung und Verhinderung von Fehlausl\u00f6sungen<\/li>\n<li>Mit Herstellererkl\u00e4rung zur CE-Kennzeichnung<\/li>\n<li>Varianten mit automatischer Umkehr (zum Nieten, Pr\u00e4gen, Eindr\u00fccken usw.) oder Selbsthaltung (Niederhalten, Spannen, Kleben usw.)<\/li>\n<li>Varianten f\u00fcr Start \u00fcber einfachen Taster bzw. St\u00f6\u00dfelventil oder Zweihandtaster mit Zweihandsicherheitsventil. Bei Start \u00fcber einen einfachen Taster sind gef\u00e4hrliche Bewegungen zwingend anderweitig abzusichern z.B. \u00fcber eine Schutzverkleidung<\/li>\n<li>Varianten f\u00fcr einen\u00a0Zylinder (bzw. mehrere parallel geschaltete) oder zwei\u00a0Zylinder (bzw. zwei parallel geschaltet Paare ).<br \/>\nBei Varianten mit zwei Zylindern f\u00e4hrt nach dem Startsignal zuerst ein Zylinder aus. Nachdem dieser die Endlage (Arbeitsstellung) erreicht hat f\u00e4hrt der zweite Zylinder aus. Dieser verh\u00e4lt sich dann entsprechend seiner Variante, d.h. er geht in Selbsthaltung oder kehrt um. Die Variante f\u00fcr zwei Zylinder eignet sich insbesondere f\u00fcr Anwendungen, bei denen der erste Zylinder das Werkst\u00fcck fest h\u00e4lt und der der zweite es dann bearbeitet.<\/li>\n<li>Erfassen der Arbeitsstellung des \/ der Zylinder intern \u00fcber Druckabfall, also ohne externe Ventile oder zus\u00e4tzliche Anschl\u00fcsse.<\/li>\n<li>\u00dcber R\u00e4ndelschraube einstellbare Zeit zwischen Erreichen der Arbeitsstellung und Eintritt der Selbsthaltung bzw. Umkehr<\/li>\n<li>Steuerleitungen \u00f84. Zylinderleitungen \u00f810, somit auch f\u00fcr gro\u00dfe Zylinder bis \u00f8100<\/li>\n<li>Anschluss f\u00fcr ein St\u00f6\u00dfelventil zur Erfassung eines eingelegten Werkst\u00fcckes<\/li>\n<li>Optionaler Anschluss f\u00fcr pneumatisches Z\u00e4hlwerk<\/li>\n<\/ul>\n<h2>Vorteile:<\/h2>\n<ul>\n<li>Im Vergleich zu einer elektrischen Steuerung deutlich preiswerter<\/li>\n<li>Ben\u00f6tigt keinen Strom und kann somit auch in feuchten Umgebungen eingesetzt werden<\/li>\n<li>Kann ohne Elektriker angeschlossen und in Betrieb genommen werden<\/li>\n<\/ul>\n<h2>Varianten und Preise:<\/h2>\n<h3>Variante 1: f\u00fcr einen Pneumatikzylinder: <a href=\"https:\/\/www.kb-ohnemus.de\/wp-content\/uploads\/2018\/11\/PPS-1X-00.pdf\">Ma\u00dfblatt<\/a><\/h3>\n<ul>\n<li>\n<figure id=\"attachment_650\" aria-describedby=\"caption-attachment-650\" style=\"width: 225px\" class=\"wp-caption alignright\"><a href=\"https:\/\/www.kb-ohnemus.de\/wp-content\/uploads\/2018\/11\/PPS-14.jpg\"><img loading=\"lazy\" decoding=\"async\" class=\"wp-image-650 size-medium\" src=\"https:\/\/www.kb-ohnemus.de\/wp-content\/uploads\/2018\/11\/PPS-14-225x300.jpg\" alt=\"\" width=\"225\" height=\"300\" srcset=\"https:\/\/www.kb-ohnemus.de\/wp-content\/uploads\/2018\/11\/PPS-14-225x300.jpg 225w, https:\/\/www.kb-ohnemus.de\/wp-content\/uploads\/2018\/11\/PPS-14-768x1024.jpg 768w, https:\/\/www.kb-ohnemus.de\/wp-content\/uploads\/2018\/11\/PPS-14.jpg 1200w\" sizes=\"auto, (max-width: 225px) 85vw, 225px\" \/><\/a><figcaption id=\"caption-attachment-650\" class=\"wp-caption-text\">Pneumatiksteuerung Variante 1.4<\/figcaption><\/figure>\n<p>1.1: Start \u00fcber einfachen Taster bzw. St\u00f6\u00dfelventil, automatische Umkehr nach Erreichen der Arbeitsstellung: <a href=\"https:\/\/www.kb-ohnemus.de\/wp-content\/uploads\/2018\/11\/PPS-11-00_Pneumatikplan.pdf\">Pneumatikplan<\/a><br \/>\n1199,00\u20ac zzgl. MwSt.<\/li>\n<li>1.2: Start \u00fcber Zweihandtaster, automatische Umkehr nach Erreichen der Arbeitsstellung: <a href=\"https:\/\/www.kb-ohnemus.de\/wp-content\/uploads\/2018\/11\/PPS-12-00_Pneumatikplan.pdf\">Pneumatikplan<\/a><br \/>\n1399,00\u20ac zzgl. MwSt.<\/li>\n<li>1.3: Start \u00fcber einfachen Taster bzw. St\u00f6\u00dfelventil, Selbsthaltung nach Erreichen der Arbeitsstellung, L\u00f6sen \u00fcber Taster: <a href=\"https:\/\/www.kb-ohnemus.de\/wp-content\/uploads\/2018\/11\/PPS-13-00_Pneumatikplan.pdf\">Pneumatikplan<\/a><br \/>\n1249,00\u20ac zzgl. MwSt.<\/li>\n<li>1.4: Start \u00fcber Zweihandtaster, Selbsthaltung nach Erreichen der Arbeitsstellung, L\u00f6sen \u00fcber Taster: <a href=\"https:\/\/www.kb-ohnemus.de\/wp-content\/uploads\/2018\/11\/PPS-14-00_Pneumatikplan.pdf\">Pneumatikplan<\/a><br \/>\n1449,00\u20ac zzgl. MwSt.<\/li>\n<\/ul>\n<h3>Variante 2: f\u00fcr zwei Pneumatikzylinder: <a href=\"https:\/\/www.kb-ohnemus.de\/wp-content\/uploads\/2018\/11\/PPS-2X-00.pdf\">Ma\u00dfblatt<\/a><\/h3>\n<ul>\n<li>\n<figure id=\"attachment_651\" aria-describedby=\"caption-attachment-651\" style=\"width: 300px\" class=\"wp-caption alignright\"><a href=\"https:\/\/www.kb-ohnemus.de\/wp-content\/uploads\/2018\/11\/PPS-23.jpg\"><img loading=\"lazy\" decoding=\"async\" class=\"wp-image-651 size-medium\" src=\"https:\/\/www.kb-ohnemus.de\/wp-content\/uploads\/2018\/11\/PPS-23-300x225.jpg\" alt=\"\" width=\"300\" height=\"225\" srcset=\"https:\/\/www.kb-ohnemus.de\/wp-content\/uploads\/2018\/11\/PPS-23-300x225.jpg 300w, https:\/\/www.kb-ohnemus.de\/wp-content\/uploads\/2018\/11\/PPS-23-768x576.jpg 768w, https:\/\/www.kb-ohnemus.de\/wp-content\/uploads\/2018\/11\/PPS-23-1024x768.jpg 1024w, https:\/\/www.kb-ohnemus.de\/wp-content\/uploads\/2018\/11\/PPS-23-1200x900.jpg 1200w, https:\/\/www.kb-ohnemus.de\/wp-content\/uploads\/2018\/11\/PPS-23.jpg 1600w\" sizes=\"auto, (max-width: 300px) 85vw, 300px\" \/><\/a><figcaption id=\"caption-attachment-651\" class=\"wp-caption-text\">Pneumatiksteuerung Variante 2.3<\/figcaption><\/figure>\n<p>2.1: Start \u00fcber einfachen Taster bzw. St\u00f6\u00dfelventil, automatische Umkehr nach Erreichen der Arbeitsstellung: <a href=\"https:\/\/www.kb-ohnemus.de\/wp-content\/uploads\/2018\/11\/PPS-21-00_Pneumatikplan.pdf\">Pneumatikplan<\/a><br \/>\n1899,00\u20ac zzgl. MwSt.<\/li>\n<li>2.2: Start \u00fcber Zweihandtaster, automatische Umkehr nach Erreichen der Arbeitsstellung: <a href=\"https:\/\/www.kb-ohnemus.de\/wp-content\/uploads\/2018\/11\/PPS-22-00_Pneumatikplan.pdf\">Pneumatikplan<\/a><br \/>\n2049,00\u20ac zzgl. MwSt.<\/li>\n<li>2.3: Start \u00fcber einfachen Taster bzw. St\u00f6\u00dfelventil, Selbsthaltung nach Erreichen der Arbeitsstellung, L\u00f6sen \u00fcber Taster: <a href=\"https:\/\/www.kb-ohnemus.de\/wp-content\/uploads\/2018\/11\/PPS-23-00_Pneumatikplan.pdf\">Pneumatikplan<\/a><br \/>\n1749,00\u20ac zzgl. MwSt.<\/li>\n<li>2.4: Start \u00fcber Zweihandtaster, Selbsthaltung nach Erreichen der Arbeitsstellung, L\u00f6sen \u00fcber Taster: <a href=\"https:\/\/www.kb-ohnemus.de\/wp-content\/uploads\/2018\/11\/PPS-24-00_Pneumatikplan.pdf\">Pneumatikplan<\/a><br \/>\n1949,00\u20ac zzgl. MwSt.<\/li>\n<\/ul>\n<p>Oben genannte Preise beinhalten die betriebsfertig aufgebaute Pneumatiksteuerung, also alles innerhalb des Geh\u00e4uses. Jedoch keine Komponenten au\u00dferhalb wie Start- und Not-Aus-Taster, St\u00f6\u00dfelventile, Wartungseinheiten, Zylinder und sonstiges Zubeh\u00f6r. Diese Komponenten k\u00f6nnen auf Anfrage ebenfalls \u00fcber uns bezogen werden.<\/p>\n<p><strong>Weitere Infos, CAD-Daten, Schaltpl\u00e4ne und Bestellung unter <span class=\"pep-email\">info(Replace this parenthesis with the @ sign)kb-ohnemus.de<\/span> oder telefonisch unter +497823\/961238-0<br \/>\nOder Sie schildern uns Ihre Anwendung und wir w\u00e4hlen die passende Variante<\/strong><\/p>\n","protected":false},"excerpt":{"rendered":"<p>Einbaufertige Druckluftsteuerung mit CE-Kennzeichnung in verschiedenen Varianten Not-Aus-Ventil mit Anschluss f\u00fcr Not-Aus-Taster und \/ oder T\u00fcrschaltventil. Ein Bet\u00e4tigen des Not-Aus-Tasters oder \u00d6ffnen einer durch ein T\u00fcrschaltventil gesicherten T\u00fcr schaltet die Anlage drucklos Einstellbares Anfahrventil zur langsamen Bel\u00fcftung der Anlage nach Einschalten oder Not-Aus Redundantes Ventil f\u00fcr die Arbeitsstellung zur zus\u00e4tzlichen Absicherung und Verhinderung von Fehlausl\u00f6sungen &hellip; <a href=\"https:\/\/www.kb-ohnemus.de\/?page_id=512\" class=\"more-link\"><span class=\"screen-reader-text\">\u201eEinbaufertige Pneumatiksteuerung PPS\u201c <\/span>weiterlesen<\/a><\/p>\n","protected":false},"author":1,"featured_media":0,"parent":9,"menu_order":0,"comment_status":"closed","ping_status":"closed","template":"","meta":{"footnotes":""},"class_list":["post-512","page","type-page","status-publish","hentry"],"_links":{"self":[{"href":"https:\/\/www.kb-ohnemus.de\/index.php?rest_route=\/wp\/v2\/pages\/512","targetHints":{"allow":["GET"]}}],"collection":[{"href":"https:\/\/www.kb-ohnemus.de\/index.php?rest_route=\/wp\/v2\/pages"}],"about":[{"href":"https:\/\/www.kb-ohnemus.de\/index.php?rest_route=\/wp\/v2\/types\/page"}],"author":[{"embeddable":true,"href":"https:\/\/www.kb-ohnemus.de\/index.php?rest_route=\/wp\/v2\/users\/1"}],"replies":[{"embeddable":true,"href":"https:\/\/www.kb-ohnemus.de\/index.php?rest_route=%2Fwp%2Fv2%2Fcomments&post=512"}],"version-history":[{"count":42,"href":"https:\/\/www.kb-ohnemus.de\/index.php?rest_route=\/wp\/v2\/pages\/512\/revisions"}],"predecessor-version":[{"id":873,"href":"https:\/\/www.kb-ohnemus.de\/index.php?rest_route=\/wp\/v2\/pages\/512\/revisions\/873"}],"up":[{"embeddable":true,"href":"https:\/\/www.kb-ohnemus.de\/index.php?rest_route=\/wp\/v2\/pages\/9"}],"wp:attachment":[{"href":"https:\/\/www.kb-ohnemus.de\/index.php?rest_route=%2Fwp%2Fv2%2Fmedia&parent=512"}],"curies":[{"name":"wp","href":"https:\/\/api.w.org\/{rel}","templated":true}]}}