{"id":371,"date":"2016-10-03T08:56:15","date_gmt":"2016-10-03T06:56:15","guid":{"rendered":"http:\/\/www.kb-ohnemus.de\/?page_id=371"},"modified":"2024-01-07T15:22:33","modified_gmt":"2024-01-07T13:22:33","slug":"beispiele","status":"publish","type":"page","link":"https:\/\/www.kb-ohnemus.de\/?page_id=371","title":{"rendered":"Beispiele"},"content":{"rendered":"\n<p>Auf den folgenden Seiten stellen wir, nach Themen sortiert, einige von uns erstellte Maschinen und Konstruktionen vor. Leider k\u00f6nnen und d\u00fcrfen wir nicht alles pr\u00e4sentieren.<\/p>\n\n\n\n<p><a href=\"https:\/\/www.kb-ohnemus.de\/category\/automatisiert-montieren\/\">automatisiert Montieren<\/a><\/p>\n\n\n\n<p><a href=\"https:\/\/www.kb-ohnemus.de\/category\/bearbeiten\/\">Bearbeiten&nbsp;und&nbsp;Reinigen<\/a><\/p>\n\n\n\n<p><a href=\"https:\/\/www.kb-ohnemus.de\/category\/berechnungen\/\">Berechnungen<\/a><\/p>\n\n\n\n<p><a href=\"https:\/\/www.kb-ohnemus.de\/category\/dosieren-und-befetten\/\">Dosieren und Befetten<\/a><\/p>\n\n\n\n<p><a href=\"https:\/\/www.kb-ohnemus.de\/category\/handhaben-und-zufuehren\/\">Handhaben und Zuf\u00fchren<\/a><\/p>\n\n\n\n<p><a href=\"https:\/\/www.kb-ohnemus.de\/category\/manuell-montieren\/\">manuell Montieren<\/a><\/p>\n\n\n\n<p><a href=\"https:\/\/www.kb-ohnemus.de\/category\/messen-und-pruefen\/\">Messen und Pr\u00fcfen<\/a><\/p>\n\n\n\n<p><a href=\"https:\/\/www.kb-ohnemus.de\/category\/pressen-und-niederhalten\/\">Pressen und Niederhalten<\/a><\/p>\n\n\n\n<p><a href=\"https:\/\/www.kb-ohnemus.de\/category\/ringspender\/\">Ringspender<\/a><\/p>\n\n\n\n<p><a href=\"https:\/\/www.kb-ohnemus.de\/category\/schweissen-und-loeten\/\">Schwei\u00dfen und L\u00f6ten<\/a><\/p>\n\n\n\n<p><a href=\"https:\/\/www.kb-ohnemus.de\/category\/spezielle-fertigungsverfahren\/\">Spezielle Fertigungsverfahren<\/a><\/p>\n","protected":false},"excerpt":{"rendered":"<p>Auf den folgenden Seiten stellen wir, nach Themen sortiert, einige von uns erstellte Maschinen und Konstruktionen vor. Leider k\u00f6nnen und d\u00fcrfen wir nicht alles pr\u00e4sentieren. automatisiert Montieren Bearbeiten&nbsp;und&nbsp;Reinigen Berechnungen Dosieren und Befetten Handhaben und Zuf\u00fchren manuell Montieren Messen und Pr\u00fcfen Pressen und Niederhalten Ringspender Schwei\u00dfen und L\u00f6ten Spezielle Fertigungsverfahren<\/p>\n","protected":false},"author":1,"featured_media":0,"parent":0,"menu_order":0,"comment_status":"closed","ping_status":"closed","template":"","meta":{"footnotes":""},"class_list":["post-371","page","type-page","status-publish","hentry"],"_links":{"self":[{"href":"https:\/\/www.kb-ohnemus.de\/index.php?rest_route=\/wp\/v2\/pages\/371","targetHints":{"allow":["GET"]}}],"collection":[{"href":"https:\/\/www.kb-ohnemus.de\/index.php?rest_route=\/wp\/v2\/pages"}],"about":[{"href":"https:\/\/www.kb-ohnemus.de\/index.php?rest_route=\/wp\/v2\/types\/page"}],"author":[{"embeddable":true,"href":"https:\/\/www.kb-ohnemus.de\/index.php?rest_route=\/wp\/v2\/users\/1"}],"replies":[{"embeddable":true,"href":"https:\/\/www.kb-ohnemus.de\/index.php?rest_route=%2Fwp%2Fv2%2Fcomments&post=371"}],"version-history":[{"count":4,"href":"https:\/\/www.kb-ohnemus.de\/index.php?rest_route=\/wp\/v2\/pages\/371\/revisions"}],"predecessor-version":[{"id":928,"href":"https:\/\/www.kb-ohnemus.de\/index.php?rest_route=\/wp\/v2\/pages\/371\/revisions\/928"}],"wp:attachment":[{"href":"https:\/\/www.kb-ohnemus.de\/index.php?rest_route=%2Fwp%2Fv2%2Fmedia&parent=371"}],"curies":[{"name":"wp","href":"https:\/\/api.w.org\/{rel}","templated":true}]}}