{"id":17,"date":"2016-10-02T18:34:22","date_gmt":"2016-10-02T16:34:22","guid":{"rendered":"http:\/\/www.kb-ohnemus.de\/?page_id=17"},"modified":"2024-01-07T15:28:18","modified_gmt":"2024-01-07T13:28:18","slug":"berechnungen","status":"publish","type":"page","link":"https:\/\/www.kb-ohnemus.de\/?page_id=17","title":{"rendered":"Berechnungen"},"content":{"rendered":"\n<p>Im Laufe unserer Konstruktionst\u00e4tigkeit hat es sich ergeben, dass Bauteile auf Durchbiegung oder Festigkeit \u00fcberpr\u00fcft, Kr\u00e4fte analysiert, Federn ausgelegt oder sonstige Berechnungen durchgef\u00fchrt werden m\u00fcssen.<br>\nDie hierbei gewonnenen Erfahrungen geben wir auch als eigenst\u00e4ndige Diensleistung weiter. Wir analysieren und berechnen sich im Maschinenbau stellenden Problemef\u00e4lle und erarbeiten eine L\u00f6sung.<\/p>\n\n\n\n<h2 class=\"wp-block-heading\">FEM-Analyse mit Salome<\/h2>\n\n\n<div class=\"wp-block-image\">\n<figure class=\"alignright\"><a href=\"https:\/\/www.kb-ohnemus.de\/wp-content\/uploads\/2018\/11\/100048_mises_1.png\"><img loading=\"lazy\" decoding=\"async\" width=\"300\" height=\"182\" src=\"https:\/\/www.kb-ohnemus.de\/wp-content\/uploads\/2018\/11\/100048_mises_1-300x182.png\" alt=\"\" class=\"wp-image-743\" srcset=\"https:\/\/www.kb-ohnemus.de\/wp-content\/uploads\/2018\/11\/100048_mises_1-300x182.png 300w, https:\/\/www.kb-ohnemus.de\/wp-content\/uploads\/2018\/11\/100048_mises_1-768x467.png 768w, https:\/\/www.kb-ohnemus.de\/wp-content\/uploads\/2018\/11\/100048_mises_1.png 1024w\" sizes=\"auto, (max-width: 300px) 85vw, 300px\" \/><\/a><\/figure>\n<\/div>\n\n\n<p>Komplexe Bauteile analysieren wir rechnergest\u00fctzt mit der Finiten-Elemente-Methode. Hierzu verwenden wir das Finite-Elemente-System Salome.<\/p>\n\n\n\n<p>Damit ist einerseits die Analyse aus CAD-Systemen importierter 3D-Volumengeometrie m\u00f6glich, wodurch schnelle Pr\u00fcfungen w\u00e4hrend des Konstruktionsprozesses erm\u00f6glicht werden.<\/p>\n\n\n\n<p>Andererseits erlaubt die Software auch die komplette Neuerstellung von FE-Modellen als Balken- oder Fl\u00e4chenmodell, beispielsweise f\u00fcr komplexe Schweisskonstruktionen.<\/p>\n\n\n\n<h2 class=\"wp-block-heading\">wxMaxima<\/h2>\n\n\n\n<p>F\u00fcr allgemeine Auslegungen und Berechnungen verwenden wir das Computeralgebrasystem wxMaxima. Das \u00fcbersichtliche Kalkulationsblatt wird dem Auftraggeber \u00fcbergeben.<\/p>\n\n\n\n<p>Auf Wunsch k\u00f6nnen aber auch OpenOffice- oder Excel-Tabellen erstellt werden, z.B. f\u00fcr immer wiederkehrende Problemf\u00e4lle.<\/p>\n","protected":false},"excerpt":{"rendered":"<p>Im Laufe unserer Konstruktionst\u00e4tigkeit hat es sich ergeben, dass Bauteile auf Durchbiegung oder Festigkeit \u00fcberpr\u00fcft, Kr\u00e4fte analysiert, Federn ausgelegt oder sonstige Berechnungen durchgef\u00fchrt werden m\u00fcssen. Die hierbei gewonnenen Erfahrungen geben wir auch als eigenst\u00e4ndige Diensleistung weiter. Wir analysieren und berechnen sich im Maschinenbau stellenden Problemef\u00e4lle und erarbeiten eine L\u00f6sung. FEM-Analyse mit Salome Komplexe Bauteile analysieren &hellip; <a href=\"https:\/\/www.kb-ohnemus.de\/?page_id=17\" class=\"more-link\"><span class=\"screen-reader-text\">\u201eBerechnungen\u201c <\/span>weiterlesen<\/a><\/p>\n","protected":false},"author":1,"featured_media":0,"parent":9,"menu_order":0,"comment_status":"closed","ping_status":"closed","template":"","meta":{"footnotes":""},"class_list":["post-17","page","type-page","status-publish","hentry"],"_links":{"self":[{"href":"https:\/\/www.kb-ohnemus.de\/index.php?rest_route=\/wp\/v2\/pages\/17","targetHints":{"allow":["GET"]}}],"collection":[{"href":"https:\/\/www.kb-ohnemus.de\/index.php?rest_route=\/wp\/v2\/pages"}],"about":[{"href":"https:\/\/www.kb-ohnemus.de\/index.php?rest_route=\/wp\/v2\/types\/page"}],"author":[{"embeddable":true,"href":"https:\/\/www.kb-ohnemus.de\/index.php?rest_route=\/wp\/v2\/users\/1"}],"replies":[{"embeddable":true,"href":"https:\/\/www.kb-ohnemus.de\/index.php?rest_route=%2Fwp%2Fv2%2Fcomments&post=17"}],"version-history":[{"count":10,"href":"https:\/\/www.kb-ohnemus.de\/index.php?rest_route=\/wp\/v2\/pages\/17\/revisions"}],"predecessor-version":[{"id":933,"href":"https:\/\/www.kb-ohnemus.de\/index.php?rest_route=\/wp\/v2\/pages\/17\/revisions\/933"}],"up":[{"embeddable":true,"href":"https:\/\/www.kb-ohnemus.de\/index.php?rest_route=\/wp\/v2\/pages\/9"}],"wp:attachment":[{"href":"https:\/\/www.kb-ohnemus.de\/index.php?rest_route=%2Fwp%2Fv2%2Fmedia&parent=17"}],"curies":[{"name":"wp","href":"https:\/\/api.w.org\/{rel}","templated":true}]}}