{"id":15,"date":"2016-10-02T19:02:19","date_gmt":"2016-10-02T17:02:19","guid":{"rendered":"http:\/\/www.kb-ohnemus.de\/?page_id=15"},"modified":"2024-01-07T15:40:32","modified_gmt":"2024-01-07T13:40:32","slug":"sondermaschinen","status":"publish","type":"page","link":"https:\/\/www.kb-ohnemus.de\/?page_id=15","title":{"rendered":"Sondermaschinen"},"content":{"rendered":"<div class=\"wp-block-image\">\n<figure class=\"alignright\"><a href=\"https:\/\/www.kb-ohnemus.de\/wp-content\/uploads\/2018\/11\/16004_2.jpg\"><img loading=\"lazy\" decoding=\"async\" width=\"300\" height=\"200\" src=\"https:\/\/www.kb-ohnemus.de\/wp-content\/uploads\/2018\/11\/16004_2-300x200.jpg\" alt=\"\" class=\"wp-image-712\" srcset=\"https:\/\/www.kb-ohnemus.de\/wp-content\/uploads\/2018\/11\/16004_2-300x200.jpg 300w, https:\/\/www.kb-ohnemus.de\/wp-content\/uploads\/2018\/11\/16004_2-768x512.jpg 768w, https:\/\/www.kb-ohnemus.de\/wp-content\/uploads\/2018\/11\/16004_2-1024x682.jpg 1024w, https:\/\/www.kb-ohnemus.de\/wp-content\/uploads\/2018\/11\/16004_2-1200x800.jpg 1200w, https:\/\/www.kb-ohnemus.de\/wp-content\/uploads\/2018\/11\/16004_2.jpg 1600w\" sizes=\"auto, (max-width: 300px) 85vw, 300px\" \/><\/a><\/figure>\n<\/div>\n\n\n<p>Zusammen mit zuverl\u00e4ssigen Partnerfirmen, die die einzelnen Bestandteile unserer Konstruktionen herstellen, fertigen wir Betriebsmittel und Sondermaschinen nach Kundenwunsch, z.B.:<\/p>\n\n\n\n<p><\/p>\n\n\n\n<ul class=\"wp-block-list\">\n<li>Montagevorrichtungen<\/li>\n\n\n\n<li>Teil- und vollautomatische Montageanlagen<\/li>\n\n\n\n<li>Handling- und Zuf\u00fchrsysteme<\/li>\n\n\n\n<li>Pressen<\/li>\n\n\n\n<li>Me\u00df- und Pr\u00fcfger\u00e4te<\/li>\n\n\n\n<li><a href=\"https:\/\/www.kb-ohnemus.de\/wp-content\/uploads\/2018\/11\/16004_4.jpg\"><img loading=\"lazy\" decoding=\"async\" class=\"size-medium wp-image-714 alignright\" src=\"https:\/\/www.kb-ohnemus.de\/wp-content\/uploads\/2018\/11\/16004_4-300x200.jpg\" alt=\"\" width=\"300\" height=\"200\" srcset=\"https:\/\/www.kb-ohnemus.de\/wp-content\/uploads\/2018\/11\/16004_4-300x200.jpg 300w, https:\/\/www.kb-ohnemus.de\/wp-content\/uploads\/2018\/11\/16004_4-768x512.jpg 768w, https:\/\/www.kb-ohnemus.de\/wp-content\/uploads\/2018\/11\/16004_4-1024x682.jpg 1024w, https:\/\/www.kb-ohnemus.de\/wp-content\/uploads\/2018\/11\/16004_4-1200x800.jpg 1200w, https:\/\/www.kb-ohnemus.de\/wp-content\/uploads\/2018\/11\/16004_4.jpg 1600w\" sizes=\"auto, (max-width: 300px) 85vw, 300px\" \/><\/a>Dosiersysteme<\/li>\n\n\n\n<li>Schwei\u00dfvorrichtungen<\/li>\n\n\n\n<li>Sonderwerkzeuge<\/li>\n\n\n\n<li>Maschinen f\u00fcr kundenspezifische Fertigungsverfahren<\/li>\n<\/ul>\n\n\n\n<p>Wir liefern fertig aufgebaute und betriebsbereite Komplettl\u00f6sungen incl. Inbetriebnahme, Mitarbeiterschulung und Dokumentation.<\/p>\n\n\n\n<p>Ihr Vorteil hierbei:<\/p>\n\n\n\n<ul class=\"wp-block-list\">\n<li>Sie reduzieren die Anzahl Ihrer Ansprechpartner. Das oft zeitaufwendige Abkl\u00e4ren vieler kleiner Details wird von uns \u00fcbernommen.<\/li>\n\n\n\n<li>Sie erhalten eine sofort einsatzbereite Maschine.<\/li>\n\n\n\n<li>W\u00fcnsche und \u00c4nderungen, die oft erst bei der Inbetriebnahme augenscheinlich werden, k\u00f6nnen sofort umgesetzt werden.<\/li>\n<\/ul>\n\n\n\n<p><a href=\"https:\/\/www.kb-ohnemus.de\/beispiele\/\">Beispiele finden Sie hier.<\/a><\/p>\n\n\n\n<figure class=\"wp-block-image\"><a href=\"https:\/\/www.kb-ohnemus.de\/wp-content\/uploads\/2018\/11\/16004_1.jpg\"><img loading=\"lazy\" decoding=\"async\" width=\"300\" height=\"200\" src=\"https:\/\/www.kb-ohnemus.de\/wp-content\/uploads\/2018\/11\/16004_1-300x200.jpg\" alt=\"\" class=\"wp-image-711\" srcset=\"https:\/\/www.kb-ohnemus.de\/wp-content\/uploads\/2018\/11\/16004_1-300x200.jpg 300w, https:\/\/www.kb-ohnemus.de\/wp-content\/uploads\/2018\/11\/16004_1-768x512.jpg 768w, https:\/\/www.kb-ohnemus.de\/wp-content\/uploads\/2018\/11\/16004_1-1024x682.jpg 1024w, https:\/\/www.kb-ohnemus.de\/wp-content\/uploads\/2018\/11\/16004_1-1200x800.jpg 1200w, https:\/\/www.kb-ohnemus.de\/wp-content\/uploads\/2018\/11\/16004_1.jpg 1600w\" sizes=\"auto, (max-width: 300px) 85vw, 300px\" \/><\/a><\/figure>\n\n\n\n<figure class=\"wp-block-image\"><a href=\"https:\/\/www.kb-ohnemus.de\/wp-content\/uploads\/2018\/11\/16004_3.jpg\"><img loading=\"lazy\" decoding=\"async\" width=\"300\" height=\"200\" src=\"https:\/\/www.kb-ohnemus.de\/wp-content\/uploads\/2018\/11\/16004_3-300x200.jpg\" alt=\"\" class=\"wp-image-713\" srcset=\"https:\/\/www.kb-ohnemus.de\/wp-content\/uploads\/2018\/11\/16004_3-300x200.jpg 300w, https:\/\/www.kb-ohnemus.de\/wp-content\/uploads\/2018\/11\/16004_3-768x512.jpg 768w, https:\/\/www.kb-ohnemus.de\/wp-content\/uploads\/2018\/11\/16004_3-1024x682.jpg 1024w, https:\/\/www.kb-ohnemus.de\/wp-content\/uploads\/2018\/11\/16004_3-1200x800.jpg 1200w, https:\/\/www.kb-ohnemus.de\/wp-content\/uploads\/2018\/11\/16004_3.jpg 1600w\" sizes=\"auto, (max-width: 300px) 85vw, 300px\" \/><\/a><\/figure>\n","protected":false},"excerpt":{"rendered":"<p>Zusammen mit zuverl\u00e4ssigen Partnerfirmen, die die einzelnen Bestandteile unserer Konstruktionen herstellen, fertigen wir Betriebsmittel und Sondermaschinen nach Kundenwunsch, z.B.: Wir liefern fertig aufgebaute und betriebsbereite Komplettl\u00f6sungen incl. Inbetriebnahme, Mitarbeiterschulung und Dokumentation. Ihr Vorteil hierbei: Beispiele finden Sie hier.<\/p>\n","protected":false},"author":1,"featured_media":0,"parent":9,"menu_order":0,"comment_status":"closed","ping_status":"closed","template":"","meta":{"footnotes":""},"class_list":["post-15","page","type-page","status-publish","hentry"],"_links":{"self":[{"href":"https:\/\/www.kb-ohnemus.de\/index.php?rest_route=\/wp\/v2\/pages\/15","targetHints":{"allow":["GET"]}}],"collection":[{"href":"https:\/\/www.kb-ohnemus.de\/index.php?rest_route=\/wp\/v2\/pages"}],"about":[{"href":"https:\/\/www.kb-ohnemus.de\/index.php?rest_route=\/wp\/v2\/types\/page"}],"author":[{"embeddable":true,"href":"https:\/\/www.kb-ohnemus.de\/index.php?rest_route=\/wp\/v2\/users\/1"}],"replies":[{"embeddable":true,"href":"https:\/\/www.kb-ohnemus.de\/index.php?rest_route=%2Fwp%2Fv2%2Fcomments&post=15"}],"version-history":[{"count":11,"href":"https:\/\/www.kb-ohnemus.de\/index.php?rest_route=\/wp\/v2\/pages\/15\/revisions"}],"predecessor-version":[{"id":938,"href":"https:\/\/www.kb-ohnemus.de\/index.php?rest_route=\/wp\/v2\/pages\/15\/revisions\/938"}],"up":[{"embeddable":true,"href":"https:\/\/www.kb-ohnemus.de\/index.php?rest_route=\/wp\/v2\/pages\/9"}],"wp:attachment":[{"href":"https:\/\/www.kb-ohnemus.de\/index.php?rest_route=%2Fwp%2Fv2%2Fmedia&parent=15"}],"curies":[{"name":"wp","href":"https:\/\/api.w.org\/{rel}","templated":true}]}}