{"id":13,"date":"2016-10-02T18:55:26","date_gmt":"2016-10-02T16:55:26","guid":{"rendered":"http:\/\/www.kb-ohnemus.de\/?page_id=13"},"modified":"2024-01-07T15:30:58","modified_gmt":"2024-01-07T13:30:58","slug":"konstruktion","status":"publish","type":"page","link":"https:\/\/www.kb-ohnemus.de\/?page_id=13","title":{"rendered":"Konstruktion"},"content":{"rendered":"\n<h2 class=\"wp-block-heading\">Betriebsmittelkonstruktion<\/h2>\n\n\n<div class=\"wp-block-image\">\n<figure class=\"alignright\"><a href=\"https:\/\/www.kb-ohnemus.de\/wp-content\/uploads\/2018\/07\/18023-00-00.png\"><img loading=\"lazy\" decoding=\"async\" width=\"225\" height=\"300\" src=\"https:\/\/www.kb-ohnemus.de\/wp-content\/uploads\/2018\/07\/18023-00-00-225x300.png\" alt=\"\" class=\"wp-image-585\" srcset=\"https:\/\/www.kb-ohnemus.de\/wp-content\/uploads\/2018\/07\/18023-00-00-225x300.png 225w, https:\/\/www.kb-ohnemus.de\/wp-content\/uploads\/2018\/07\/18023-00-00.png 687w\" sizes=\"auto, (max-width: 225px) 85vw, 225px\" \/><\/a><\/figure>\n<\/div>\n\n\n<p>Wir konstruieren Betriebsmittel und Sondermaschinen f\u00fcr Anwendungen im Bereich der Fertigungs- und Montagetechnik nach Kundenwunsch, z.B.:<\/p>\n\n\n\n<ul class=\"wp-block-list\">\n<li>Montagevorrichtungen<\/li>\n\n\n\n<li>Teil- und vollautomatische Montageanlagen<\/li>\n\n\n\n<li>Handling- und Zuf\u00fchrsysteme<\/li>\n\n\n\n<li>Pressen<\/li>\n\n\n\n<li>Me\u00df- und Pr\u00fcfger\u00e4te<\/li>\n\n\n\n<li>Dosiersysteme<\/li>\n\n\n\n<li>Schwei\u00dfvorrichtungen<\/li>\n\n\n\n<li>Sonderwerkzeuge<\/li>\n\n\n\n<li>Maschinen f\u00fcr kundenspezifische Fertigungsverfahren<\/li>\n<\/ul>\n\n\n<div class=\"wp-block-image\">\n<figure class=\"alignright\"><a href=\"https:\/\/www.kb-ohnemus.de\/wp-content\/uploads\/2018\/11\/11042-00-00.png\"><img loading=\"lazy\" decoding=\"async\" width=\"300\" height=\"174\" src=\"https:\/\/www.kb-ohnemus.de\/wp-content\/uploads\/2018\/11\/11042-00-00-300x174.png\" alt=\"\" class=\"wp-image-746\" srcset=\"https:\/\/www.kb-ohnemus.de\/wp-content\/uploads\/2018\/11\/11042-00-00-300x174.png 300w, https:\/\/www.kb-ohnemus.de\/wp-content\/uploads\/2018\/11\/11042-00-00-768x447.png 768w, https:\/\/www.kb-ohnemus.de\/wp-content\/uploads\/2018\/11\/11042-00-00-1024x596.png 1024w, https:\/\/www.kb-ohnemus.de\/wp-content\/uploads\/2018\/11\/11042-00-00-1200x698.png 1200w, https:\/\/www.kb-ohnemus.de\/wp-content\/uploads\/2018\/11\/11042-00-00.png 1544w\" sizes=\"auto, (max-width: 300px) 85vw, 300px\" \/><\/a><\/figure>\n<\/div>\n\n\n<p><strong><a href=\"https:\/\/www.kb-ohnemus.de\/beispiele\/\">Beispiele finden Sie hier.<\/a><\/strong><\/p>\n\n\n\n<p><strong>Alle von uns konstruierten Betriebsmittel k\u00f6nnen in unsrem Haus auch <a href=\"https:\/\/www.kb-ohnemus.de\/leistungen-und-produkte\/sondermaschinen\/\">angefertigt<\/a> werden.<\/strong><\/p>\n\n\n\n<h2 class=\"wp-block-heading\">Konstruktionsdienstleistung<\/h2>\n\n\n\n<p>Wir \u00fcbernehmen allgemeine Konstruktionsarbeiten, beispielsweise aufgrund von Engp\u00e4ssen Ihrer internen Konstruktionsabteilung.<\/p>\n\n\n\n<p>Einen \u00dcberblick unsrer bisherigen T\u00e4tigkeiten in diesem Bereich geben unsere <a href=\"https:\/\/www.kb-ohnemus.de\/beispiele\/\">Beispiele<\/a>.<\/p>\n\n\n\n<h2 class=\"wp-block-heading\">Umfang unserer T\u00e4tigkeit<\/h2>\n\n\n\n<ul class=\"wp-block-list\">\n<li>Abkl\u00e4rung aller notwendigen Randbedingungen.<\/li>\n\n\n\n<li>Erstellung und Ausarbeitung eines Konzeptes.<\/li>\n\n\n\n<li>Erstellung der kompletten Fertigungsunterlagen einschlie\u00dflich Zeichnungen und Kaufteilelisten, Schaltpl\u00e4nen bis hin zur CE-Konformit\u00e4tserkl\u00e4rung.<\/li>\n\n\n\n<li>Regelm\u00e4\u00dfige Konstruktionsbesprechungen.<\/li>\n<\/ul>\n\n\n\n<h2 class=\"wp-block-heading\">Arbeitsweise<\/h2>\n\n\n\n<ul class=\"wp-block-list\">\n<li>Konstruktion mit dem modernen expliziten 3D-CAD-System Varicad oder auf Wunsch mit SolidWorks oder auch Autocad.<\/li>\n\n\n\n<li>Auswahl von Zukaufteilen und Normen nach Kundenw\u00fcnschen bzw. Firmenvorgaben.<\/li>\n\n\n\n<li>Absichern der Konstruktion durch \u00dcberpr\u00fcfen aller relevanten Teile auf Festigkeit, Steifigkeit usw. Dabei auch Einsatz der Finiten-Elemente-Methode.<\/li>\n\n\n\n<li>Durchg\u00e4ngige und pr\u00e4zise Dokumentation sichert sp\u00e4teres Anpassen der von uns erstellten Konstruktionen an neue Gegebenheiten und erh\u00f6hen die Nutzungsdauer Ihrer Investition.<\/li>\n\n\n\n<li>Augenmerk auf kosteng\u00fcnstige Konstruktionen, wenn m\u00f6glich Schwei\u00df- und Laserschnittteile. Dar\u00fcber hinaus Vergleich von Leistung und Kosten m\u00f6glicher Lieferanten f\u00fcr die Herstellung.<\/li>\n\n\n\n<li>Diskretion im Umgang mit Ihren firmeninternen Dokumenten und Verfahren.<\/li>\n<\/ul>\n","protected":false},"excerpt":{"rendered":"<p>Betriebsmittelkonstruktion Wir konstruieren Betriebsmittel und Sondermaschinen f\u00fcr Anwendungen im Bereich der Fertigungs- und Montagetechnik nach Kundenwunsch, z.B.: Beispiele finden Sie hier. Alle von uns konstruierten Betriebsmittel k\u00f6nnen in unsrem Haus auch angefertigt werden. Konstruktionsdienstleistung Wir \u00fcbernehmen allgemeine Konstruktionsarbeiten, beispielsweise aufgrund von Engp\u00e4ssen Ihrer internen Konstruktionsabteilung. Einen \u00dcberblick unsrer bisherigen T\u00e4tigkeiten in diesem Bereich geben unsere &hellip; <a href=\"https:\/\/www.kb-ohnemus.de\/?page_id=13\" class=\"more-link\"><span class=\"screen-reader-text\">\u201eKonstruktion\u201c <\/span>weiterlesen<\/a><\/p>\n","protected":false},"author":1,"featured_media":0,"parent":9,"menu_order":0,"comment_status":"closed","ping_status":"closed","template":"","meta":{"footnotes":""},"class_list":["post-13","page","type-page","status-publish","hentry"],"_links":{"self":[{"href":"https:\/\/www.kb-ohnemus.de\/index.php?rest_route=\/wp\/v2\/pages\/13","targetHints":{"allow":["GET"]}}],"collection":[{"href":"https:\/\/www.kb-ohnemus.de\/index.php?rest_route=\/wp\/v2\/pages"}],"about":[{"href":"https:\/\/www.kb-ohnemus.de\/index.php?rest_route=\/wp\/v2\/types\/page"}],"author":[{"embeddable":true,"href":"https:\/\/www.kb-ohnemus.de\/index.php?rest_route=\/wp\/v2\/users\/1"}],"replies":[{"embeddable":true,"href":"https:\/\/www.kb-ohnemus.de\/index.php?rest_route=%2Fwp%2Fv2%2Fcomments&post=13"}],"version-history":[{"count":10,"href":"https:\/\/www.kb-ohnemus.de\/index.php?rest_route=\/wp\/v2\/pages\/13\/revisions"}],"predecessor-version":[{"id":935,"href":"https:\/\/www.kb-ohnemus.de\/index.php?rest_route=\/wp\/v2\/pages\/13\/revisions\/935"}],"up":[{"embeddable":true,"href":"https:\/\/www.kb-ohnemus.de\/index.php?rest_route=\/wp\/v2\/pages\/9"}],"wp:attachment":[{"href":"https:\/\/www.kb-ohnemus.de\/index.php?rest_route=%2Fwp%2Fv2%2Fmedia&parent=13"}],"curies":[{"name":"wp","href":"https:\/\/api.w.org\/{rel}","templated":true}]}}